{"id":15,"date":"2022-02-21T13:05:42","date_gmt":"2022-02-21T13:05:42","guid":{"rendered":"http:\/\/xn--shtte-lva.de\/?page_id=15"},"modified":"2022-02-22T13:55:47","modified_gmt":"2022-02-22T13:55:47","slug":"impressum","status":"publish","type":"page","link":"http:\/\/sh\u00fctte.de\/?page_id=15","title":{"rendered":"Impressum"},"content":{"rendered":"\t\t<div data-elementor-type=\"wp-page\" data-elementor-id=\"15\" class=\"elementor elementor-15\">\n\t\t\t\t\t\t<section class=\"elementor-section elementor-top-section elementor-element elementor-element-3a4caf3 elementor-section-content-middle elementor-section-boxed elementor-section-height-default elementor-section-height-default\" data-id=\"3a4caf3\" data-element_type=\"section\" data-e-type=\"section\" data-settings=\"{&quot;background_background&quot;:&quot;classic&quot;}\">\n\t\t\t\t\t\t<div class=\"elementor-container elementor-column-gap-default\">\n\t\t\t\t\t<div class=\"elementor-column elementor-col-50 elementor-top-column elementor-element elementor-element-fc8989d\" data-id=\"fc8989d\" data-element_type=\"column\" data-e-type=\"column\">\n\t\t\t<div class=\"elementor-widget-wrap elementor-element-populated\">\n\t\t\t\t\t\t<div class=\"elementor-element elementor-element-ddf576a elementor-align-center elementor-widget elementor-widget-button\" data-id=\"ddf576a\" data-element_type=\"widget\" data-e-type=\"widget\" data-widget_type=\"button.default\">\n\t\t\t\t<div class=\"elementor-widget-container\">\n\t\t\t\t\t\t\t\t\t<div class=\"elementor-button-wrapper\">\n\t\t\t\t\t<a class=\"elementor-button elementor-button-link elementor-size-sm\" href=\"http:\/\/sh\u00fctte.de\/startseite\/\">\n\t\t\t\t\t\t<span class=\"elementor-button-content-wrapper\">\n\t\t\t\t\t\t\t\t\t<span class=\"elementor-button-text\">Startseite<\/span>\n\t\t\t\t\t<\/span>\n\t\t\t\t\t<\/a>\n\t\t\t\t<\/div>\n\t\t\t\t\t\t\t\t<\/div>\n\t\t\t\t<\/div>\n\t\t\t\t\t<\/div>\n\t\t<\/div>\n\t\t\t\t<div class=\"elementor-column elementor-col-50 elementor-top-column elementor-element elementor-element-5bf6b4a\" data-id=\"5bf6b4a\" data-element_type=\"column\" data-e-type=\"column\">\n\t\t\t<div class=\"elementor-widget-wrap elementor-element-populated\">\n\t\t\t\t\t\t<div class=\"elementor-element elementor-element-c495b2c elementor-align-center elementor-hidden-mobile elementor-widget elementor-widget-button\" data-id=\"c495b2c\" data-element_type=\"widget\" data-e-type=\"widget\" data-widget_type=\"button.default\">\n\t\t\t\t<div class=\"elementor-widget-container\">\n\t\t\t\t\t\t\t\t\t<div class=\"elementor-button-wrapper\">\n\t\t\t\t\t<a class=\"elementor-button elementor-button-link elementor-size-sm\" href=\"http:\/\/sh\u00fctte.de\/privacy-policy\">\n\t\t\t\t\t\t<span class=\"elementor-button-content-wrapper\">\n\t\t\t\t\t\t\t\t\t<span class=\"elementor-button-text\">Privacy Policy<\/span>\n\t\t\t\t\t<\/span>\n\t\t\t\t\t<\/a>\n\t\t\t\t<\/div>\n\t\t\t\t\t\t\t\t<\/div>\n\t\t\t\t<\/div>\n\t\t\t\t\t<\/div>\n\t\t<\/div>\n\t\t\t\t\t<\/div>\n\t\t<\/section>\n\t\t\t\t<section class=\"elementor-section elementor-top-section elementor-element elementor-element-b0f87b4 elementor-section-boxed elementor-section-height-default elementor-section-height-default\" data-id=\"b0f87b4\" data-element_type=\"section\" data-e-type=\"section\">\n\t\t\t\t\t\t<div class=\"elementor-container elementor-column-gap-default\">\n\t\t\t\t\t<div class=\"elementor-column elementor-col-100 elementor-top-column elementor-element elementor-element-111ab1b\" data-id=\"111ab1b\" data-element_type=\"column\" data-e-type=\"column\">\n\t\t\t<div class=\"elementor-widget-wrap elementor-element-populated\">\n\t\t\t\t\t\t<div class=\"elementor-element elementor-element-1530021 elementor-widget elementor-widget-text-editor\" data-id=\"1530021\" data-element_type=\"widget\" data-e-type=\"widget\" data-widget_type=\"text-editor.default\">\n\t\t\t\t<div class=\"elementor-widget-container\">\n\t\t\t\t\t\t\t\t\t<h2 class=\"fusion-responsive-typography-calculated\" data-fontsize=\"26\" data-lineheight=\"42px\"><span class=\"\">Impressum<\/span><\/h2><h3 class=\"fusion-responsive-typography-calculated\" data-fontsize=\"18\" data-lineheight=\"28px\"><span class=\"\">Angaben gem\u00e4\u00df \u00a7 5 TMG:<\/span><\/h3><p class=\"\"><a class=\"\" href=\"http:\/\/www.genussecke-bodensee.de\/\">www.genussecke-bodensee.de<\/a> ist ein Angebot der<\/p><p class=\"\">Genussecke Bodensee<br class=\"\" \/>Inhaberin: Christiane Allweier<br class=\"\" \/>Zum Karpfen 15<br class=\"\" \/>88662 \u00dcberlingen (Nussdorf)<\/p><h4 class=\"fusion-responsive-typography-calculated\" data-fontsize=\"17\" data-lineheight=\"29px\"><span class=\"\">Kontakt:<\/span><\/h4><p class=\"\"><a class=\"\" href=\"mailto:callweier@me.com\">callweier@me.com<\/a><\/p><h4 class=\"fusion-responsive-typography-calculated\" data-fontsize=\"17\" data-lineheight=\"29px\"><span class=\"\">Umsatzsteuer:<\/span><\/h4><p class=\"\">Umsatzsteuer-Identifikationsnummer gem\u00e4\u00df \u00a727 a Umsatzsteuergesetz: DE275950278<\/p><h4 class=\"fusion-responsive-typography-calculated\" data-fontsize=\"17\" data-lineheight=\"29px\"><span class=\"\">Streitschlichtung<\/span><\/h4><p class=\"\">Die Europ\u00e4ische Kommission stellt eine Plattform zur Online-Streitbeilegung (OS) bereit:\u00a0<a class=\"\" href=\"https:\/\/ec.europa.eu\/consumers\/odr\" target=\"_blank\" rel=\"noopener noreferrer\">https:\/\/ec.europa.eu\/consumers\/odr<\/a><br class=\"\" \/>Unsere E-Mail-Adresse finden Sie oben im Impressum.<\/p><p class=\"\">Wir sind nicht bereit oder verpflichtet, an<br class=\"\" \/>Streitbeilegungsverfahren vor einer Verbraucherschlichtungsstelle teilzunehmen.<\/p><h4 class=\"fusion-responsive-typography-calculated\" data-fontsize=\"17\" data-lineheight=\"29px\"><span class=\"\">Haftung f\u00fcr Inhalte<\/span><\/h4><p class=\"\">Als Diensteanbieter sind wir gem\u00e4\u00df \u00a7 7 Abs.1 TMG f\u00fcreigene Inhalte auf diesen Seiten nach den allgemeinen Gesetzen verantwortlich. Nach \u00a7\u00a7 8 bis<br class=\"\" \/>10 TMG sind wir als Diensteanbieter jedoch nicht verpflichtet, \u00fcbermittelte oder gespeicherte fremde<br class=\"\" \/>Informationen zu \u00fcberwachen oder nach Umst\u00e4nden zu forschen, die auf eine rechtswidrige T\u00e4tigkeit hinweisen.<\/p><p class=\"\">Verpflichtungen zur Entfernung oder Sperrung der Nutzung von Informationen nach den allgemeinen Gesetzen bleiben hiervon unber\u00fchrt. Eine diesbez\u00fcgliche Haftung ist jedoch erst ab dem Zeitpunkt der Kenntnis einer konkreten Rechtsverletzung m\u00f6glich.<br class=\"\" \/>Bei Bekanntwerden von entsprechenden Rechtsverletzungen werden wir diese Inhalte umgehend<br class=\"\" \/>entfernen.<\/p><h4 class=\"fusion-responsive-typography-calculated\" data-fontsize=\"17\" data-lineheight=\"29px\"><span class=\"\">Haftung f\u00fcr Links<\/span><\/h4><p class=\"\">Unser Angebot enth\u00e4lt Links zu externen Websites Dritter, auf deren Inhalte wir keinen Einfluss haben. Deshalb k\u00f6nnen wir f\u00fcr diese<br class=\"\" \/>fremden Inhalte auch keine Gew\u00e4hr \u00fcbernehmen. F\u00fcr die Inhalte der verlinkten Seiten ist<br class=\"\" \/>stets der jeweilige Anbieter oder Betreiber der Seiten verantwortlich. Die verlinkten Seiten wurden zum<br class=\"\" \/>Zeitpunkt der Verlinkung auf m\u00f6gliche Rechtsverst\u00f6\u00dfe \u00fcberpr\u00fcft.<br class=\"\" \/>Rechtswidrige Inhalte waren zum Zeitpunkt der Verlinkung nicht erkennbar.Eine permanente<br class=\"\" \/>inhaltliche Kontrolle der verlinkten Seiten ist jedoch ohne konkrete Anhaltspunkte einer Rechtsverletzung<br class=\"\" \/>nicht zumutbar. Bei Bekanntwerden von Rechtsverletzungen werden wir derartige Links umgehend<br class=\"\" \/>entfernen.<\/p><h4 class=\"fusion-responsive-typography-calculated\" data-fontsize=\"17\" data-lineheight=\"29px\"><span class=\"\">Urheberrecht<\/span><\/h4><p class=\"\">Die durch die Seitenbetreiber erstellten Inhalte und Werke auf<br class=\"\" \/>diesen Seiten unterliegen dem deutschen Urheberrecht. Die Vervielf\u00e4ltigung, Bearbeitung,<br class=\"\" \/>Verbreitung und jede Art der Verwertung au\u00dferhalb der Grenzen des Urheberrechtes bed\u00fcrfen<br class=\"\" \/>der schriftlichen Zustimmung des jeweiligen Autors bzw. Erstellers. Downloads und Kopien dieser Seite<br class=\"\" \/>sind nur f\u00fcr den privaten, nicht kommerziellen Gebrauch gestattet.<\/p><p class=\"\">Soweit die Inhalte auf dieser Seite nicht vom Betreiber erstellt wurden, werden die Urheberrechte Dritter beachtet. Insbesondere<br class=\"\" \/>werden Inhalte Dritter als solche gekennzeichnet. Sollten Sie trotzdem auf eine Urheberrechtsverletzung<br class=\"\" \/>aufmerksam werden, bitten wir um einen entsprechenden Hinweis. Bei Bekanntwerden von<br class=\"\" \/>Rechtsverletzungen werden wir derartige Inhalte umgehend entfernen.<\/p><p class=\"\">Quelle:\u00a0<a class=\"\" href=\"https:\/\/www.e-recht24.de\/\">e-recht24.de<\/a><\/p>\t\t\t\t\t\t\t\t<\/div>\n\t\t\t\t<\/div>\n\t\t\t\t\t<\/div>\n\t\t<\/div>\n\t\t\t\t\t<\/div>\n\t\t<\/section>\n\t\t\t\t<\/div>\n\t\t","protected":false},"excerpt":{"rendered":"<p>Startseite Privacy Policy Impressum Angaben gem\u00e4\u00df \u00a7 5 TMG: www.genussecke-bodensee.de ist ein Angebot der Genussecke BodenseeInhaberin: Christiane AllweierZum Karpfen 1588662 \u00dcberlingen (Nussdorf) Kontakt: callweier@me.com Umsatzsteuer: Umsatzsteuer-Identifikationsnummer gem\u00e4\u00df \u00a727 a Umsatzsteuergesetz: DE275950278 Streitschlichtung Die Europ\u00e4ische Kommission stellt eine Plattform zur Online-Streitbeilegung&#8230; <a class=\"direadmore\" href=\"http:\/\/sh\u00fctte.de\/?page_id=15\"> Continue Reading&#8230;<\/a><\/p>\n","protected":false},"author":1,"featured_media":0,"parent":0,"menu_order":0,"comment_status":"closed","ping_status":"closed","template":"elementor_canvas","meta":{"footnotes":""},"class_list":["post-15","page","type-page","status-publish","hentry"],"_links":{"self":[{"href":"http:\/\/sh\u00fctte.de\/index.php?rest_route=\/wp\/v2\/pages\/15","targetHints":{"allow":["GET"]}}],"collection":[{"href":"http:\/\/sh\u00fctte.de\/index.php?rest_route=\/wp\/v2\/pages"}],"about":[{"href":"http:\/\/sh\u00fctte.de\/index.php?rest_route=\/wp\/v2\/types\/page"}],"author":[{"embeddable":true,"href":"http:\/\/sh\u00fctte.de\/index.php?rest_route=\/wp\/v2\/users\/1"}],"replies":[{"embeddable":true,"href":"http:\/\/sh\u00fctte.de\/index.php?rest_route=%2Fwp%2Fv2%2Fcomments&post=15"}],"version-history":[{"count":31,"href":"http:\/\/sh\u00fctte.de\/index.php?rest_route=\/wp\/v2\/pages\/15\/revisions"}],"predecessor-version":[{"id":431,"href":"http:\/\/sh\u00fctte.de\/index.php?rest_route=\/wp\/v2\/pages\/15\/revisions\/431"}],"wp:attachment":[{"href":"http:\/\/sh\u00fctte.de\/index.php?rest_route=%2Fwp%2Fv2%2Fmedia&parent=15"}],"curies":[{"name":"wp","href":"https:\/\/api.w.org\/{rel}","templated":true}]}}